{"id":14,"date":"2012-04-10T16:24:27","date_gmt":"2012-04-10T16:24:27","guid":{"rendered":"http:\/\/localhost\/b-markt\/?page_id=14"},"modified":"2019-12-29T20:10:34","modified_gmt":"2019-12-29T19:10:34","slug":"warenangebot","status":"publish","type":"page","link":"http:\/\/bauernmarkt-bad-endorf.de\/wordpress\/?page_id=14","title":{"rendered":"Unsere Produkte"},"content":{"rendered":"<p style=\"text-align: center;\"><strong>Qualtit\u00e4t aus Bauernhand &#8211; Wir bringen Sie auf den Geschmack!<\/strong><\/p>\n<div>\n<p><img loading=\"lazy\" decoding=\"async\" class=\"alignleft size-medium wp-image-584\" src=\"http:\/\/bauernmarkt-bad-endorf.de\/wordpress\/wp-content\/uploads\/2019\/12\/Fleisch_Wurst-300x153.jpg\" alt=\"\" width=\"300\" height=\"153\" srcset=\"http:\/\/bauernmarkt-bad-endorf.de\/wordpress\/wp-content\/uploads\/2019\/12\/Fleisch_Wurst-300x153.jpg 300w, http:\/\/bauernmarkt-bad-endorf.de\/wordpress\/wp-content\/uploads\/2019\/12\/Fleisch_Wurst-768x391.jpg 768w, http:\/\/bauernmarkt-bad-endorf.de\/wordpress\/wp-content\/uploads\/2019\/12\/Fleisch_Wurst-500x255.jpg 500w, http:\/\/bauernmarkt-bad-endorf.de\/wordpress\/wp-content\/uploads\/2019\/12\/Fleisch_Wurst.jpg 1000w\" sizes=\"auto, (max-width: 300px) 100vw, 300px\" \/><\/p>\n<p>Fleisch- und Wurstwaren von Rind, Schwein, Schaf oder Gefl\u00fcgel aus eigener b\u00e4uerlicher Haltung<\/p>\n<\/div>\n<div style=\"clear: both;\"><img loading=\"lazy\" decoding=\"async\" class=\"alignright size-medium wp-image-583\" src=\"http:\/\/bauernmarkt-bad-endorf.de\/wordpress\/wp-content\/uploads\/2019\/12\/Fisch-300x190.jpg\" alt=\"\" width=\"300\" height=\"190\" srcset=\"http:\/\/bauernmarkt-bad-endorf.de\/wordpress\/wp-content\/uploads\/2019\/12\/Fisch-300x190.jpg 300w, http:\/\/bauernmarkt-bad-endorf.de\/wordpress\/wp-content\/uploads\/2019\/12\/Fisch-768x486.jpg 768w, http:\/\/bauernmarkt-bad-endorf.de\/wordpress\/wp-content\/uploads\/2019\/12\/Fisch-474x300.jpg 474w, http:\/\/bauernmarkt-bad-endorf.de\/wordpress\/wp-content\/uploads\/2019\/12\/Fisch.jpg 904w\" sizes=\"auto, (max-width: 300px) 100vw, 300px\" \/>Fangfrischen Fisch<\/div>\n<div style=\"clear: both;\"><img loading=\"lazy\" decoding=\"async\" class=\"size-medium wp-image-597 alignleft\" src=\"http:\/\/bauernmarkt-bad-endorf.de\/wordpress\/wp-content\/uploads\/2019\/12\/Eier-300x157.jpg\" alt=\"\" width=\"300\" height=\"157\" srcset=\"http:\/\/bauernmarkt-bad-endorf.de\/wordpress\/wp-content\/uploads\/2019\/12\/Eier-300x157.jpg 300w, http:\/\/bauernmarkt-bad-endorf.de\/wordpress\/wp-content\/uploads\/2019\/12\/Eier.jpg 433w\" sizes=\"auto, (max-width: 300px) 100vw, 300px\" \/>Legefrische Eier aus Freilandhaltung gentechnikfrei gef\u00fcttert<\/div>\n<div style=\"clear: both;\"><img loading=\"lazy\" decoding=\"async\" class=\"size-medium wp-image-588 alignright\" src=\"http:\/\/bauernmarkt-bad-endorf.de\/wordpress\/wp-content\/uploads\/2019\/12\/Kaese-300x198.jpg\" alt=\"\" width=\"300\" height=\"198\" srcset=\"http:\/\/bauernmarkt-bad-endorf.de\/wordpress\/wp-content\/uploads\/2019\/12\/Kaese-300x198.jpg 300w, http:\/\/bauernmarkt-bad-endorf.de\/wordpress\/wp-content\/uploads\/2019\/12\/Kaese-768x507.jpg 768w, http:\/\/bauernmarkt-bad-endorf.de\/wordpress\/wp-content\/uploads\/2019\/12\/Kaese-455x300.jpg 455w, http:\/\/bauernmarkt-bad-endorf.de\/wordpress\/wp-content\/uploads\/2019\/12\/Kaese.jpg 1000w\" sizes=\"auto, (max-width: 300px) 100vw, 300px\" \/>Vielf\u00e4ltige K\u00e4sespezialit\u00e4ten von Kuh und Schaf und andere Milchprodukte<\/div>\n<div style=\"clear: both;\">\n<p style=\"text-align: center;\">Hausgemachte Kuchen in vielen Variationen<\/p>\n<p><a href=\"http:\/\/bauernmarkt-bad-endorf.de\/wordpress\/wp-content\/uploads\/Kuchen_1200x206.jpg\"><img loading=\"lazy\" decoding=\"async\" class=\"alignleft wp-image-570 size-full\" src=\"http:\/\/bauernmarkt-bad-endorf.de\/wordpress\/wp-content\/uploads\/2019\/12\/Bauernmarkt_B15.jpg\" alt=\"\" width=\"1000\" height=\"287\" srcset=\"http:\/\/bauernmarkt-bad-endorf.de\/wordpress\/wp-content\/uploads\/2019\/12\/Bauernmarkt_B15.jpg 1000w, http:\/\/bauernmarkt-bad-endorf.de\/wordpress\/wp-content\/uploads\/2019\/12\/Bauernmarkt_B15-300x86.jpg 300w, http:\/\/bauernmarkt-bad-endorf.de\/wordpress\/wp-content\/uploads\/2019\/12\/Bauernmarkt_B15-768x220.jpg 768w, http:\/\/bauernmarkt-bad-endorf.de\/wordpress\/wp-content\/uploads\/2019\/12\/Bauernmarkt_B15-500x144.jpg 500w\" sizes=\"auto, (max-width: 1000px) 100vw, 1000px\" \/><\/a><br \/>\n<img loading=\"lazy\" decoding=\"async\" class=\"alignleft size-medium wp-image-591\" src=\"http:\/\/bauernmarkt-bad-endorf.de\/wordpress\/wp-content\/uploads\/2019\/12\/Schmalzgebaeck-300x199.jpg\" alt=\"\" width=\"300\" height=\"199\" srcset=\"http:\/\/bauernmarkt-bad-endorf.de\/wordpress\/wp-content\/uploads\/2019\/12\/Schmalzgebaeck-300x199.jpg 300w, http:\/\/bauernmarkt-bad-endorf.de\/wordpress\/wp-content\/uploads\/2019\/12\/Schmalzgebaeck-768x510.jpg 768w, http:\/\/bauernmarkt-bad-endorf.de\/wordpress\/wp-content\/uploads\/2019\/12\/Schmalzgebaeck-452x300.jpg 452w, http:\/\/bauernmarkt-bad-endorf.de\/wordpress\/wp-content\/uploads\/2019\/12\/Schmalzgebaeck.jpg 1000w\" sizes=\"auto, (max-width: 300px) 100vw, 300px\" \/><\/p>\n<p>Frisches Schmalzgeb\u00e4ck<\/p>\n<\/div>\n<div style=\"clear: both;\">\n<p><img loading=\"lazy\" decoding=\"async\" class=\"size-medium wp-image-593 alignright\" src=\"http:\/\/bauernmarkt-bad-endorf.de\/wordpress\/wp-content\/uploads\/2019\/12\/Teigwaren-300x128.jpg\" alt=\"\" width=\"300\" height=\"128\" srcset=\"http:\/\/bauernmarkt-bad-endorf.de\/wordpress\/wp-content\/uploads\/2019\/12\/Teigwaren-300x128.jpg 300w, http:\/\/bauernmarkt-bad-endorf.de\/wordpress\/wp-content\/uploads\/2019\/12\/Teigwaren-768x329.jpg 768w, http:\/\/bauernmarkt-bad-endorf.de\/wordpress\/wp-content\/uploads\/2019\/12\/Teigwaren-500x214.jpg 500w, http:\/\/bauernmarkt-bad-endorf.de\/wordpress\/wp-content\/uploads\/2019\/12\/Teigwaren.jpg 935w\" sizes=\"auto, (max-width: 300px) 100vw, 300px\" \/>Eiernudeln in verschiedenen Variationen<\/p>\n<\/div>\n<div style=\"clear: both;\"><img loading=\"lazy\" decoding=\"async\" class=\"alignleft size-medium wp-image-582\" src=\"http:\/\/bauernmarkt-bad-endorf.de\/wordpress\/wp-content\/uploads\/2019\/12\/Brot-300x230.jpg\" alt=\"\" width=\"300\" height=\"230\" srcset=\"http:\/\/bauernmarkt-bad-endorf.de\/wordpress\/wp-content\/uploads\/2019\/12\/Brot-300x230.jpg 300w, http:\/\/bauernmarkt-bad-endorf.de\/wordpress\/wp-content\/uploads\/2019\/12\/Brot-768x589.jpg 768w, http:\/\/bauernmarkt-bad-endorf.de\/wordpress\/wp-content\/uploads\/2019\/12\/Brot-391x300.jpg 391w, http:\/\/bauernmarkt-bad-endorf.de\/wordpress\/wp-content\/uploads\/2019\/12\/Brot.jpg 772w\" sizes=\"auto, (max-width: 300px) 100vw, 300px\" \/>Schmackhaftes Bauernbrot, sowie Semmeln und Toast aus Dinkelmehl.<\/div>\n<div style=\"clear: both;\"><\/div>\n<div style=\"clear: both;\"><\/div>\n<div style=\"clear: both;\"><img loading=\"lazy\" decoding=\"async\" class=\"alignright size-medium wp-image-586\" src=\"http:\/\/bauernmarkt-bad-endorf.de\/wordpress\/wp-content\/uploads\/2019\/12\/Gemuese-300x247.jpg\" alt=\"\" width=\"300\" height=\"247\" srcset=\"http:\/\/bauernmarkt-bad-endorf.de\/wordpress\/wp-content\/uploads\/2019\/12\/Gemuese-300x247.jpg 300w, http:\/\/bauernmarkt-bad-endorf.de\/wordpress\/wp-content\/uploads\/2019\/12\/Gemuese-768x633.jpg 768w, http:\/\/bauernmarkt-bad-endorf.de\/wordpress\/wp-content\/uploads\/2019\/12\/Gemuese-364x300.jpg 364w, http:\/\/bauernmarkt-bad-endorf.de\/wordpress\/wp-content\/uploads\/2019\/12\/Gemuese.jpg 930w\" sizes=\"auto, (max-width: 300px) 100vw, 300px\" \/>Frisches Obst, Gem\u00fcse und Salate aus der Region<\/div>\n<div style=\"clear: both;\"><img loading=\"lazy\" decoding=\"async\" class=\"alignleft size-medium wp-image-587\" src=\"http:\/\/bauernmarkt-bad-endorf.de\/wordpress\/wp-content\/uploads\/2019\/12\/Honig-300x235.jpg\" alt=\"\" width=\"300\" height=\"235\" srcset=\"http:\/\/bauernmarkt-bad-endorf.de\/wordpress\/wp-content\/uploads\/2019\/12\/Honig-300x235.jpg 300w, http:\/\/bauernmarkt-bad-endorf.de\/wordpress\/wp-content\/uploads\/2019\/12\/Honig-383x300.jpg 383w, http:\/\/bauernmarkt-bad-endorf.de\/wordpress\/wp-content\/uploads\/2019\/12\/Honig.jpg 680w\" sizes=\"auto, (max-width: 300px) 100vw, 300px\" \/>Honig<\/div>\n<div style=\"clear: both;\"><img loading=\"lazy\" decoding=\"async\" class=\"alignright size-medium wp-image-592\" src=\"http:\/\/bauernmarkt-bad-endorf.de\/wordpress\/wp-content\/uploads\/2019\/12\/Schnaps_Likoer-300x173.jpg\" alt=\"\" width=\"300\" height=\"173\" srcset=\"http:\/\/bauernmarkt-bad-endorf.de\/wordpress\/wp-content\/uploads\/2019\/12\/Schnaps_Likoer-300x173.jpg 300w, http:\/\/bauernmarkt-bad-endorf.de\/wordpress\/wp-content\/uploads\/2019\/12\/Schnaps_Likoer-768x444.jpg 768w, http:\/\/bauernmarkt-bad-endorf.de\/wordpress\/wp-content\/uploads\/2019\/12\/Schnaps_Likoer-500x289.jpg 500w, http:\/\/bauernmarkt-bad-endorf.de\/wordpress\/wp-content\/uploads\/2019\/12\/Schnaps_Likoer.jpg 1000w\" sizes=\"auto, (max-width: 300px) 100vw, 300px\" \/>Selbsthergestellte Schn\u00e4pse und Lik\u00f6re<\/div>\n<div style=\"clear: both;\"><img loading=\"lazy\" decoding=\"async\" class=\"alignleft size-medium wp-image-581\" src=\"http:\/\/bauernmarkt-bad-endorf.de\/wordpress\/wp-content\/uploads\/2019\/12\/Apfelsaft-300x217.jpg\" alt=\"\" width=\"300\" height=\"217\" srcset=\"http:\/\/bauernmarkt-bad-endorf.de\/wordpress\/wp-content\/uploads\/2019\/12\/Apfelsaft-300x217.jpg 300w, http:\/\/bauernmarkt-bad-endorf.de\/wordpress\/wp-content\/uploads\/2019\/12\/Apfelsaft-414x300.jpg 414w, http:\/\/bauernmarkt-bad-endorf.de\/wordpress\/wp-content\/uploads\/2019\/12\/Apfelsaft.jpg 574w\" sizes=\"auto, (max-width: 300px) 100vw, 300px\" \/>Apfelsaft in 5 oder 10 L Kartons<\/div>\n<div style=\"clear: both;\">\n<p><img loading=\"lazy\" decoding=\"async\" class=\"alignright size-medium wp-image-590\" src=\"http:\/\/bauernmarkt-bad-endorf.de\/wordpress\/wp-content\/uploads\/2019\/12\/Marmelade-300x129.jpg\" alt=\"\" width=\"300\" height=\"129\" srcset=\"http:\/\/bauernmarkt-bad-endorf.de\/wordpress\/wp-content\/uploads\/2019\/12\/Marmelade-300x129.jpg 300w, http:\/\/bauernmarkt-bad-endorf.de\/wordpress\/wp-content\/uploads\/2019\/12\/Marmelade.jpg 439w\" sizes=\"auto, (max-width: 300px) 100vw, 300px\" \/>Selbsthergestellte Marmelade und Eingelegtes s\u00fc\u00df oder sauer<\/p>\n<div style=\"clear: both;\"><img loading=\"lazy\" decoding=\"async\" class=\"alignleft size-medium wp-image-589\" src=\"http:\/\/bauernmarkt-bad-endorf.de\/wordpress\/wp-content\/uploads\/2019\/12\/Kerzen-300x199.jpg\" alt=\"\" width=\"300\" height=\"199\" srcset=\"http:\/\/bauernmarkt-bad-endorf.de\/wordpress\/wp-content\/uploads\/2019\/12\/Kerzen-300x199.jpg 300w, http:\/\/bauernmarkt-bad-endorf.de\/wordpress\/wp-content\/uploads\/2019\/12\/Kerzen-768x510.jpg 768w, http:\/\/bauernmarkt-bad-endorf.de\/wordpress\/wp-content\/uploads\/2019\/12\/Kerzen-452x300.jpg 452w, http:\/\/bauernmarkt-bad-endorf.de\/wordpress\/wp-content\/uploads\/2019\/12\/Kerzen.jpg 1000w\" sizes=\"auto, (max-width: 300px) 100vw, 300px\" \/>Kerzen aus Bienenwachs<\/div>\n<\/div>\n","protected":false},"excerpt":{"rendered":"<p>Qualtit\u00e4t aus Bauernhand &#8211; Wir bringen Sie auf den Geschmack! Fleisch- und Wurstwaren von Rind, Schwein, Schaf oder Gefl\u00fcgel aus eigener b\u00e4uerlicher Haltung Fangfrischen Fisch Legefrische Eier aus Freilandhaltung gentechnikfrei gef\u00fcttert Vielf\u00e4ltige K\u00e4sespezialit\u00e4ten von Kuh und Schaf und andere Milchprodukte &hellip; <a href=\"http:\/\/bauernmarkt-bad-endorf.de\/wordpress\/?page_id=14\">Weiterlesen <span class=\"meta-nav\">&rarr;<\/span><\/a><\/p>\n","protected":false},"author":1,"featured_media":0,"parent":0,"menu_order":0,"comment_status":"open","ping_status":"open","template":"sidebar-page.php","meta":{"footnotes":""},"class_list":["post-14","page","type-page","status-publish","hentry"],"_links":{"self":[{"href":"http:\/\/bauernmarkt-bad-endorf.de\/wordpress\/index.php?rest_route=\/wp\/v2\/pages\/14","targetHints":{"allow":["GET"]}}],"collection":[{"href":"http:\/\/bauernmarkt-bad-endorf.de\/wordpress\/index.php?rest_route=\/wp\/v2\/pages"}],"about":[{"href":"http:\/\/bauernmarkt-bad-endorf.de\/wordpress\/index.php?rest_route=\/wp\/v2\/types\/page"}],"author":[{"embeddable":true,"href":"http:\/\/bauernmarkt-bad-endorf.de\/wordpress\/index.php?rest_route=\/wp\/v2\/users\/1"}],"replies":[{"embeddable":true,"href":"http:\/\/bauernmarkt-bad-endorf.de\/wordpress\/index.php?rest_route=%2Fwp%2Fv2%2Fcomments&post=14"}],"version-history":[{"count":2,"href":"http:\/\/bauernmarkt-bad-endorf.de\/wordpress\/index.php?rest_route=\/wp\/v2\/pages\/14\/revisions"}],"predecessor-version":[{"id":598,"href":"http:\/\/bauernmarkt-bad-endorf.de\/wordpress\/index.php?rest_route=\/wp\/v2\/pages\/14\/revisions\/598"}],"wp:attachment":[{"href":"http:\/\/bauernmarkt-bad-endorf.de\/wordpress\/index.php?rest_route=%2Fwp%2Fv2%2Fmedia&parent=14"}],"curies":[{"name":"wp","href":"https:\/\/api.w.org\/{rel}","templated":true}]}}