{"id":27,"date":"2012-04-10T18:37:40","date_gmt":"2012-04-10T16:37:40","guid":{"rendered":"http:\/\/localhost\/b-markt\/?page_id=27"},"modified":"2012-04-10T18:37:40","modified_gmt":"2012-04-10T16:37:40","slug":"anfahrtsskizze","status":"publish","type":"page","link":"http:\/\/bauernmarkt-bad-endorf.de\/wordpress\/?page_id=27","title":{"rendered":"Anfahrtsskizze"},"content":{"rendered":"<div>Adresse:<\/p>\n<p><strong>Raiffeisen Lagerhaus<\/strong><br \/>\nBahnhofstra\u00dfe 9<br \/>\n83093 Bad Endorf\n<\/div>\n<div>\n<iframe loading=\"lazy\" width=\"425\" height=\"350\" frameborder=\"0\" scrolling=\"no\" marginheight=\"0\" marginwidth=\"0\" src=\"http:\/\/maps.google.de\/maps?f=q&amp;source=s_q&amp;hl=de&amp;geocode=&amp;q=Bahnhofstra%C3%9Fe+9,+Bad+Endorf&amp;aq=0&amp;oq=Bahnhofsta%C3%9Fe+9,+Bad+Endorf&amp;sll=47.881826,12.223024&amp;sspn=0.339854,0.598755&amp;ie=UTF8&amp;hq=&amp;hnear=Bahnhofstra%C3%9Fe+9,+83093+Bad+Endorf,+Oberbayern,+Bayern&amp;t=m&amp;z=14&amp;iwloc=A&amp;output=embed\"><\/iframe><br \/><small><a href=\"http:\/\/maps.google.de\/maps?f=q&amp;source=embed&amp;hl=de&amp;geocode=&amp;q=Bahnhofstra%C3%9Fe+9,+Bad+Endorf&amp;aq=0&amp;oq=Bahnhofsta%C3%9Fe+9,+Bad+Endorf&amp;sll=47.881826,12.223024&amp;sspn=0.339854,0.598755&amp;ie=UTF8&amp;hq=&amp;hnear=Bahnhofstra%C3%9Fe+9,+83093+Bad+Endorf,+Oberbayern,+Bayern&amp;t=m&amp;z=14&amp;iwloc=A\" target=\"_blank\" style=\"color:#0000FF;text-align:left\" rel=\"noopener noreferrer\">Gr\u00f6\u00dfere Kartenansicht<\/a><\/small>\n<\/div>\n<div>\nDas Raiffeisen Lagerhaus ist ca 500 m vom Bahnhof entfernt. Es gibt eine<a title=\"Fahrplanauskunst Bad Endorf\" href=\"http:\/\/www.bad-endorf.de\/buergerservice\/fahrplaene-auskuenfte.html\" target=\"_blank\" rel=\"noopener noreferrer\"> Auswahl an \u00f6ffentlichen Verkehrsmitteln zum Bahnhof in Bad Endorf<\/a> .\n<\/div>\n<p>&nbsp;<\/p>\n","protected":false},"excerpt":{"rendered":"<p>Adresse: Raiffeisen Lagerhaus Bahnhofstra\u00dfe 9 83093 Bad Endorf Gr\u00f6\u00dfere Kartenansicht Das Raiffeisen Lagerhaus ist ca 500 m vom Bahnhof entfernt. Es gibt eine Auswahl an \u00f6ffentlichen Verkehrsmitteln zum Bahnhof in Bad Endorf . &nbsp;<\/p>\n","protected":false},"author":1,"featured_media":0,"parent":0,"menu_order":0,"comment_status":"open","ping_status":"open","template":"sidebar-page.php","meta":{"footnotes":""},"class_list":["post-27","page","type-page","status-publish","hentry"],"_links":{"self":[{"href":"http:\/\/bauernmarkt-bad-endorf.de\/wordpress\/index.php?rest_route=\/wp\/v2\/pages\/27","targetHints":{"allow":["GET"]}}],"collection":[{"href":"http:\/\/bauernmarkt-bad-endorf.de\/wordpress\/index.php?rest_route=\/wp\/v2\/pages"}],"about":[{"href":"http:\/\/bauernmarkt-bad-endorf.de\/wordpress\/index.php?rest_route=\/wp\/v2\/types\/page"}],"author":[{"embeddable":true,"href":"http:\/\/bauernmarkt-bad-endorf.de\/wordpress\/index.php?rest_route=\/wp\/v2\/users\/1"}],"replies":[{"embeddable":true,"href":"http:\/\/bauernmarkt-bad-endorf.de\/wordpress\/index.php?rest_route=%2Fwp%2Fv2%2Fcomments&post=27"}],"version-history":[{"count":0,"href":"http:\/\/bauernmarkt-bad-endorf.de\/wordpress\/index.php?rest_route=\/wp\/v2\/pages\/27\/revisions"}],"wp:attachment":[{"href":"http:\/\/bauernmarkt-bad-endorf.de\/wordpress\/index.php?rest_route=%2Fwp%2Fv2%2Fmedia&parent=27"}],"curies":[{"name":"wp","href":"https:\/\/api.w.org\/{rel}","templated":true}]}}