{"id":6,"date":"2012-04-10T16:15:55","date_gmt":"2012-04-10T16:15:55","guid":{"rendered":"http:\/\/localhost\/b-markt\/?page_id=5"},"modified":"2012-04-10T16:15:55","modified_gmt":"2012-04-10T16:15:55","slug":"impressum","status":"publish","type":"page","link":"http:\/\/bauernmarkt-bad-endorf.de\/wordpress\/?page_id=6","title":{"rendered":"Impressum"},"content":{"rendered":"<div id=\"post-2\">\n<div>\n<p>Bauernmarkt Verein e.V.<br \/>\nFranz Grie\u00dfl<\/p>\n<h2>Anschrift \/ Kontakt<\/h2>\n<p>Hirnsbergstra\u00dfe 54<br \/>\nD-83093 Bad Endorf<br \/>\nTel.: +49-8053-3204<\/p>\n<p>E-Mail: <a title=\"E-Mailadresse\" tabindex=\"12\" href=\"mailto:ch.griessl@hotmail.de\" target=\"_blank\" rel=\"noopener noreferrer\">ch.griessl@hotmail.de<br \/>\n<\/a>Internet: <a title=\"aktuelle Website\" tabindex=\"13\" href=\"http:\/\/www.bauernmarkt-bad-endorf.de\/\" target=\"_blank\" rel=\"noopener noreferrer\">www.bauernmarkt-bad-endorf.de<\/a><\/p>\n<h2>Inhaltlich Verantwortlicher gem\u00e4\u00df \u00a7 10 Absatz 3 MDStV<\/h2>\n<p>Franz Grie\u00dfl (Anschrift siehe oben)<\/p>\n<h2>Haftungshinweis<\/h2>\n<p>Trotz sorgf\u00e4ltiger inhaltlicher Kontrolle \u00fcbernehmen wir keine Haftung f\u00fcr die Inhalte externer Links. F\u00fcr den Inhalt der verlinkten Seiten sind ausschlie\u00dflich deren Betreiber verantwortlich. Wir erkl\u00e4ren ausdr\u00fccklich, dass wir uns mit der Verlinkung die fremden Inhalte in keinster Weise zu eigen machen.<\/p>\n<p>Die Informationen auf diesen Webseiten sind von uns mit gro\u00dfer Sorgfalt erstellt worden. Trotzdem k\u00f6nnen Fehler und Unklarheiten nicht vollst\u00e4ndig ausgeschlossen werden. Wir \u00fcbernehmen keine Gew\u00e4hr f\u00fcr die Richtigkeit und Vollst\u00e4ndigkeit dieser Informationen. Insbesondere haften wir nicht f\u00fcr Sch\u00e4den, die durch fehlerhafte oder ungenaue Informationen verursacht werden k\u00f6nnten. Dieser Haftungsausschluss ist Teil unseres Internetangebots. Falls Teile der Formulierungen des Textes nicht, nicht mehr oder nicht vollst\u00e4ndig der geltenden Rechtslage entsprechen sollten, bleiben die \u00fcbrigen Teile des Dokuments in Ihrem Inhalt und ihrer G\u00fcltigkeit davon unber\u00fchrt.<\/p>\n<h2>Bildquellen und -rechte<\/h2>\n<p>Soweit nicht anders angegeben liegen die Rechte f\u00fcr alle Bilder auf dieser Webseite bei Franz Grie\u00dfl, Hirnsbergerstr. 54, 83093 Bad Endorf. Eine Verwendung dieser Bilder ist ohne ausdr\u00fcckliche, schriftliche Genehmigung nicht zul\u00e4ssig.<\/p>\n<h2>Inhalt der Onlineangebote<\/h2>\n<p>Wir sind stets bem\u00fcht, qualitativ hochwertige Informationen zur Verf\u00fcgung zu stellen. Dennoch \u00fcbernehmen wir keinerlei Gew\u00e4hr f\u00fcr die Aktualit\u00e4t, Korrektheit, Vollst\u00e4ndigkeit, Qualit\u00e4t oder Verf\u00fcgbarkeit der bereitgestellten Informationen. Haftungsanspr\u00fcche gegen die Betreiber der Website, die sich auf Sch\u00e4den materieller oder ideeller Art beziehen, welche durch die Nutzung fehlerhafter und unvollst\u00e4ndiger Informationen verursacht wurden, sind grunds\u00e4tzlich ausgeschlossen, sofern seitens des Betreibers kein nachweislich vors\u00e4tzliches oder grob fahrl\u00e4ssiges Verschulden vorliegt. Alle Angebote sind freibleibend und unverbindlich. Wir behalten es uns ausdr\u00fccklich vor, Teile der Seiten oder das gesamte Angebot ohne gesonderte Ank\u00fcndigung zu ver\u00e4ndern, zu erg\u00e4nzen, zu l\u00f6schen oder die Ver\u00f6ffentlichung zeitweise oder endg\u00fcltig einzustellen.<\/p>\n<\/div>\n<\/div>\n","protected":false},"excerpt":{"rendered":"<p>Bauernmarkt Verein e.V. Franz Grie\u00dfl Anschrift \/ Kontakt Hirnsbergstra\u00dfe 54 D-83093 Bad Endorf Tel.: +49-8053-3204 E-Mail: ch.griessl@hotmail.de Internet: www.bauernmarkt-bad-endorf.de Inhaltlich Verantwortlicher gem\u00e4\u00df \u00a7 10 Absatz 3 MDStV Franz Grie\u00dfl (Anschrift siehe oben) Haftungshinweis Trotz sorgf\u00e4ltiger inhaltlicher Kontrolle \u00fcbernehmen wir keine &hellip; <a href=\"http:\/\/bauernmarkt-bad-endorf.de\/wordpress\/?page_id=6\">Weiterlesen <span class=\"meta-nav\">&rarr;<\/span><\/a><\/p>\n","protected":false},"author":1,"featured_media":0,"parent":0,"menu_order":0,"comment_status":"open","ping_status":"open","template":"sidebar-page.php","meta":{"footnotes":""},"class_list":["post-6","page","type-page","status-publish","hentry"],"_links":{"self":[{"href":"http:\/\/bauernmarkt-bad-endorf.de\/wordpress\/index.php?rest_route=\/wp\/v2\/pages\/6","targetHints":{"allow":["GET"]}}],"collection":[{"href":"http:\/\/bauernmarkt-bad-endorf.de\/wordpress\/index.php?rest_route=\/wp\/v2\/pages"}],"about":[{"href":"http:\/\/bauernmarkt-bad-endorf.de\/wordpress\/index.php?rest_route=\/wp\/v2\/types\/page"}],"author":[{"embeddable":true,"href":"http:\/\/bauernmarkt-bad-endorf.de\/wordpress\/index.php?rest_route=\/wp\/v2\/users\/1"}],"replies":[{"embeddable":true,"href":"http:\/\/bauernmarkt-bad-endorf.de\/wordpress\/index.php?rest_route=%2Fwp%2Fv2%2Fcomments&post=6"}],"version-history":[{"count":0,"href":"http:\/\/bauernmarkt-bad-endorf.de\/wordpress\/index.php?rest_route=\/wp\/v2\/pages\/6\/revisions"}],"wp:attachment":[{"href":"http:\/\/bauernmarkt-bad-endorf.de\/wordpress\/index.php?rest_route=%2Fwp%2Fv2%2Fmedia&parent=6"}],"curies":[{"name":"wp","href":"https:\/\/api.w.org\/{rel}","templated":true}]}}